{"id":11589,"date":"2023-07-19T13:40:31","date_gmt":"2023-07-19T12:40:31","guid":{"rendered":"https:\/\/www.tassenbacherhof.at\/impronta\/"},"modified":"2025-12-22T15:27:57","modified_gmt":"2025-12-22T14:27:57","slug":"impronta","status":"publish","type":"page","link":"https:\/\/www.tassenbacherhof.at\/it\/impronta\/","title":{"rendered":"Impronta"},"content":{"rendered":"\t\t<div data-elementor-type=\"wp-page\" data-elementor-id=\"11589\" class=\"elementor elementor-11589 elementor-10847\" data-elementor-post-type=\"page\">\n\t\t\t\t\t\t<section class=\"elementor-section elementor-top-section elementor-element elementor-element-1fa809d elementor-section-boxed elementor-section-height-default elementor-section-height-default\" data-id=\"1fa809d\" data-element_type=\"section\" data-e-type=\"section\">\n\t\t\t\t\t\t<div class=\"elementor-container elementor-column-gap-default\">\n\t\t\t\t\t<div class=\"elementor-column elementor-col-100 elementor-top-column elementor-element elementor-element-bd7b26a\" data-id=\"bd7b26a\" data-element_type=\"column\" data-e-type=\"column\">\n\t\t\t<div class=\"elementor-widget-wrap elementor-element-populated\">\n\t\t\t\t\t\t<div class=\"elementor-element elementor-element-ace3c1a elementor-widget elementor-widget-thim-heading\" data-id=\"ace3c1a\" data-element_type=\"widget\" data-e-type=\"widget\" data-widget_type=\"thim-heading.default\">\n\t\t\t\t<div class=\"elementor-widget-container\">\n\t\t\t\t\t<div class=\"thim-widget-heading template-default\"><div class=\"thim-sc-heading\" >\n\t\t<div class=\"article_heading \">\n\t\t\t<h2  class=\"heading_secondary\">Impressum<\/h2>\n\t\t\t\n\t\t\t\n\t\t\t\n\t\t<\/div>\n\t<\/div><\/div>\t\t\t\t<\/div>\n\t\t\t\t<\/div>\n\t\t\t\t\t<\/div>\n\t\t<\/div>\n\t\t\t\t\t<\/div>\n\t\t<\/section>\n\t\t\t\t<section class=\"elementor-section elementor-top-section elementor-element elementor-element-c002f0a elementor-section-boxed elementor-section-height-default elementor-section-height-default\" data-id=\"c002f0a\" data-element_type=\"section\" data-e-type=\"section\">\n\t\t\t\t\t\t<div class=\"elementor-container elementor-column-gap-default\">\n\t\t\t\t\t<div class=\"elementor-column elementor-col-50 elementor-top-column elementor-element elementor-element-3d408ac\" data-id=\"3d408ac\" data-element_type=\"column\" data-e-type=\"column\">\n\t\t\t<div class=\"elementor-widget-wrap elementor-element-populated\">\n\t\t\t\t\t\t<div class=\"elementor-element elementor-element-baf1202 elementor-widget elementor-widget-text-editor\" data-id=\"baf1202\" data-element_type=\"widget\" data-e-type=\"widget\" data-widget_type=\"text-editor.default\">\n\t\t\t\t<div class=\"elementor-widget-container\">\n\t\t\t\t\t\t\t\t\t<p>Informazioni ai sensi del \u00a7 5 TMG<\/p>\n<p>Margit Aigner<br \/>Tassenbach 11<br \/>9918 Strade<\/p>\n<p>Foro competente: Tribunale di Lienz<\/p>\n<p>Tutti i prezzi indicati sono prezzi finali. A causa dello status di piccola impresa acc. In conformit\u00e0 al \u00a7 19 UStG non applichiamo l&#8217;imposta sulle vendite e pertanto non la indichiamo.<\/p>\n<p><strong>Contattaci<\/strong><br \/>+43 (0) 664 736 736 16<br \/><a href=\"mailto:info@tassenbacherhof.at\">info@tassenbacherhof.at<\/a><br \/><a href=\"http:\/\/web.archive.org\/web\/20160128040808\/https:\/\/www.tassenbacherhof.at\/\">www.tassenbacherhof.at<\/a><\/p>\n\t\t\t\t\t\t\t\t<\/div>\n\t\t\t\t<\/div>\n\t\t\t\t\t<\/div>\n\t\t<\/div>\n\t\t\t\t<div class=\"elementor-column elementor-col-50 elementor-top-column elementor-element elementor-element-283e9e2\" data-id=\"283e9e2\" data-element_type=\"column\" data-e-type=\"column\">\n\t\t\t<div class=\"elementor-widget-wrap elementor-element-populated\">\n\t\t\t\t\t\t<div class=\"elementor-element elementor-element-5522cd7 elementor-widget elementor-widget-text-editor\" data-id=\"5522cd7\" data-element_type=\"widget\" data-e-type=\"widget\" data-widget_type=\"text-editor.default\">\n\t\t\t\t<div class=\"elementor-widget-container\">\n\t\t\t\t\t\t\t\t\t<div class=\"elementor-element elementor-element-eb06033 elementor-widget elementor-widget-text-editor\" data-id=\"eb06033\" data-element_type=\"widget\" data-widget_type=\"text-editor.default\"><div class=\"elementor-widget-container\"><p class=\"sppb-addon-title\"><strong>Concetto, layout, programmazione<\/strong><\/p><div class=\"sppb-addon-content\"><p>Alphamedia Tirol GmbH<br \/>Aue 185 b | A-9920 Sillian<br \/><a href=\"http:\/\/www.alphamedia.tirol\" target=\"_blank\" rel=\"noopener\">www.alphamedia.tirol<\/a><\/p><\/div><\/div><\/div><div class=\"elementor-element elementor-element-455826d elementor-widget elementor-widget-image\" data-id=\"455826d\" data-element_type=\"widget\" data-widget_type=\"image.default\"><div class=\"elementor-widget-container\"><a href=\"https:\/\/www.tassenbacherhof.at\/it\/logo-schwarz-300x147-2\/\" rel=\"attachment wp-att-10883\"><img decoding=\"async\" class=\"size-full wp-image-10883 alignleft\" src=\"https:\/\/www.tassenbacherhof.at\/wp-content\/uploads\/2016\/10\/logo-schwarz-300x147-1.png\" alt=\"\" width=\"300\" height=\"147\" \/><\/a><\/div><\/div><p><strong>Design testuale<\/strong><br \/>Christian Seher, consulenza sulla comunicazione di marca\/testo, <a href=\"https:\/\/www.brand-text.at\/\" target=\"_blank\" rel=\"noopener\">www.brand-text.at<\/a><\/p>\t\t\t\t\t\t\t\t<\/div>\n\t\t\t\t<\/div>\n\t\t\t\t\t<\/div>\n\t\t<\/div>\n\t\t\t\t\t<\/div>\n\t\t<\/section>\n\t\t\t\t<section class=\"elementor-section elementor-top-section elementor-element elementor-element-f47ace7 elementor-section-boxed elementor-section-height-default elementor-section-height-default\" data-id=\"f47ace7\" data-element_type=\"section\" data-e-type=\"section\">\n\t\t\t\t\t\t<div class=\"elementor-container elementor-column-gap-default\">\n\t\t\t\t\t<div class=\"elementor-column elementor-col-100 elementor-top-column elementor-element elementor-element-88b6896\" data-id=\"88b6896\" data-element_type=\"column\" data-e-type=\"column\">\n\t\t\t<div class=\"elementor-widget-wrap elementor-element-populated\">\n\t\t\t\t\t\t<div class=\"elementor-element elementor-element-fa81732 elementor-widget elementor-widget-text-editor\" data-id=\"fa81732\" data-element_type=\"widget\" data-e-type=\"widget\" data-widget_type=\"text-editor.default\">\n\t\t\t\t<div class=\"elementor-widget-container\">\n\t\t\t\t\t\t\t\t\t<div class=\"elementor-element elementor-element-eb06033 elementor-widget elementor-widget-text-editor\" data-id=\"eb06033\" data-element_type=\"widget\" data-widget_type=\"text-editor.default\">\n<h2 class=\"elementor-widget-container\">Esclusione di responsabilit\u00e0<\/h2>\n<\/div>\n<p><strong>Responsabilit\u00e0 per i contenuti<\/strong><\/p>\n<p>I contenuti delle nostre pagine sono stati creati con la massima cura. Tuttavia, non ci assumiamo alcuna responsabilit\u00e0 per l&#8217;accuratezza, la completezza e l&#8217;attualit\u00e0 dei contenuti. In qualit\u00e0 di fornitore di servizi, siamo obbligati, ai sensi del \u00a7 7 comma 1 TMG \u00e8 responsabile dei propri contenuti su queste pagine in base alle leggi generali. Ai sensi dei \u00a7\u00a7 8-10 TMG, tuttavia, in qualit\u00e0 di fornitore di servizi non siamo obbligati a monitorare le informazioni trasmesse o memorizzate da terzi o a indagare su circostanze che indicano un&#8217;attivit\u00e0 illegale. Gli obblighi di rimuovere o bloccare l&#8217;uso delle informazioni in conformit\u00e0 alla legislazione generale rimangono inalterati. Tuttavia, la responsabilit\u00e0 in questo senso \u00e8 possibile solo a partire dal momento in cui si viene a conoscenza di una specifica violazione. Non appena verremo a conoscenza di tali violazioni, rimuoveremo immediatamente i contenuti.<\/p>\n<p><strong>Responsabilit\u00e0 per i link<\/strong><\/p>\n<p>Il nostro sito web contiene link a siti web esterni di terzi sui cui contenuti non abbiamo alcuna influenza. Pertanto, non possiamo accettare alcuna responsabilit\u00e0 per questi contenuti di terzi. Il rispettivo fornitore o gestore delle pagine \u00e8 sempre responsabile del contenuto delle pagine collegate. Le pagine collegate sono state controllate per verificare eventuali violazioni legali al momento del collegamento. I contenuti illegali non erano riconoscibili al momento del collegamento. Tuttavia, il monitoraggio permanente del contenuto delle pagine collegate non \u00e8 ragionevole senza prove concrete di una violazione. Se veniamo a conoscenza di eventuali violazioni legali, rimuoveremo immediatamente tali link.<\/p>\n<p><strong>Copyright<\/strong><\/p>\n<p>I contenuti e le opere create dagli operatori del sito su queste pagine sono soggetti alla legge tedesca sul copyright. La riproduzione, la modifica, la distribuzione e qualsiasi tipo di utilizzo al di fuori dei limiti della legge sul copyright richiedono il consenso scritto del rispettivo autore o creatore. I download e le copie di questo sito sono consentiti solo per uso privato e non commerciale. Nella misura in cui i contenuti di questo sito non sono stati creati dall&#8217;operatore, si rispettano i diritti d&#8217;autore di terzi. In particolare, i contenuti di terze parti sono etichettati come tali. Se tuttavia dovessi venire a conoscenza di una violazione del copyright, ti preghiamo di informarci di conseguenza. Se veniamo a conoscenza di eventuali violazioni legali, rimuoveremo immediatamente tali contenuti.<\/p>\n<p><strong>Protezione dei dati<\/strong><\/p>\n<p>L&#8217;utilizzo del nostro sito web \u00e8 generalmente possibile senza fornire dati personali. Se sul nostro sito web vengono raccolti dati personali (ad esempio nome, indirizzo o indirizzi e-mail), ci\u00f2 avviene sempre su base volontaria, per quanto possibile. Questi dati non saranno trasmessi a terzi senza il tuo esplicito consenso.  <br \/>Vorremmo sottolineare che la trasmissione di dati su Internet (ad esempio quando si comunica via e-mail) pu\u00f2 presentare delle falle nella sicurezza. Non \u00e8 possibile proteggere completamente i dati dall&#8217;accesso di terzi.  <br \/>Con la presente si vieta espressamente l&#8217;utilizzo dei dati di contatto pubblicati nell&#8217;ambito dell&#8217;obbligo di imprinting da parte di terzi per l&#8217;invio di materiale pubblicitario e informativo non richiesto. Gli operatori di questo sito web si riservano espressamente il diritto di intraprendere azioni legali in caso di invio non richiesto di informazioni pubblicitarie, come ad esempio e-mail di spam.<\/p>\n<p><strong>Google Analytics<\/strong><\/p>\n<p>Questo sito web utilizza Google Analytics, un servizio di analisi web fornito da Google Inc. (&#8220;Google&#8221;). Google Analytics utilizza dei &#8220;cookie&#8221;, ovvero dei file di testo che vengono depositati sul tuo computer per consentire al sito web di analizzare come gli utenti utilizzano il sito. Le informazioni generate dal cookie sull&#8217;utilizzo del sito web da parte dell&#8217;utente (compreso il suo indirizzo IP) verranno trasmesse e memorizzate da Google su un server negli Stati Uniti. Google utilizzer\u00e0 queste informazioni allo scopo di valutare l&#8217;utilizzo del sito web da parte dell&#8217;utente, compilare report sulle attivit\u00e0 del sito web per gli operatori del sito web e fornire altri servizi relativi alle attivit\u00e0 del sito web e all&#8217;utilizzo di Internet. Google pu\u00f2 anche trasferire queste informazioni a terzi ove ci\u00f2 sia richiesto dalla legge o laddove tali terzi trattino le informazioni per conto di Google. Google non assocer\u00e0 il tuo indirizzo IP a nessun altro dato posseduto da Google. Puoi rifiutare l&#8217;uso dei cookie selezionando l&#8217;impostazione appropriata sul tuo browser, ma tieni presente che in tal caso potresti non essere in grado di utilizzare tutte le funzionalit\u00e0 di questo sito web. Utilizzando il presente sito web, l&#8217;utente acconsente al trattamento dei propri dati da parte di Google per le modalit\u00e0 e i fini sopraindicati.<\/p>\n<p><strong>Crediti per le immagini:<br \/><\/strong><\/p>\n<p>\u00a9 Tassenbacherhof<br \/>\u00a9Alex Mattersberger<br \/>Parco Nazionale degli Alti Tauri \/ Martin Lugger<br \/>\u00a9TVB Tirolo Orientale \/ Martin Lugger<br \/>\u00a9TVB Osttirol \/ W9 Studios<br \/>\u00a9 Freepik<\/p>\n\t\t\t\t\t\t\t\t<\/div>\n\t\t\t\t<\/div>\n\t\t\t\t\t<\/div>\n\t\t<\/div>\n\t\t\t\t\t<\/div>\n\t\t<\/section>\n\t\t\t\t<\/div>\n\t\t","protected":false},"excerpt":{"rendered":"<p>Impressum Informazioni ai sensi del \u00a7 5 TMG Margit AignerTassenbach 119918 Strade Foro competente: Tribunale di Lienz Tutti i prezzi indicati sono prezzi finali. A causa dello status di piccola impresa acc. In conformit\u00e0 al \u00a7 19 UStG non applichiamo l&#8217;imposta sulle vendite e pertanto non la indichiamo. Contattaci+43 (0)&#8230;<\/p>\n","protected":false},"author":2,"featured_media":0,"parent":0,"menu_order":0,"comment_status":"closed","ping_status":"closed","template":"","meta":{"footnotes":""},"class_list":["post-11589","page","type-page","status-publish","hentry"],"aioseo_notices":[],"_links":{"self":[{"href":"https:\/\/www.tassenbacherhof.at\/it\/wp-json\/wp\/v2\/pages\/11589","targetHints":{"allow":["GET"]}}],"collection":[{"href":"https:\/\/www.tassenbacherhof.at\/it\/wp-json\/wp\/v2\/pages"}],"about":[{"href":"https:\/\/www.tassenbacherhof.at\/it\/wp-json\/wp\/v2\/types\/page"}],"author":[{"embeddable":true,"href":"https:\/\/www.tassenbacherhof.at\/it\/wp-json\/wp\/v2\/users\/2"}],"replies":[{"embeddable":true,"href":"https:\/\/www.tassenbacherhof.at\/it\/wp-json\/wp\/v2\/comments?post=11589"}],"version-history":[{"count":1,"href":"https:\/\/www.tassenbacherhof.at\/it\/wp-json\/wp\/v2\/pages\/11589\/revisions"}],"predecessor-version":[{"id":12609,"href":"https:\/\/www.tassenbacherhof.at\/it\/wp-json\/wp\/v2\/pages\/11589\/revisions\/12609"}],"wp:attachment":[{"href":"https:\/\/www.tassenbacherhof.at\/it\/wp-json\/wp\/v2\/media?parent=11589"}],"curies":[{"name":"wp","href":"https:\/\/api.w.org\/{rel}","templated":true}]}}