{"id":11580,"date":"2023-07-19T13:46:17","date_gmt":"2023-07-19T12:46:17","guid":{"rendered":"https:\/\/www.tassenbacherhof.at\/informativa-sulla-privacy\/"},"modified":"2025-06-20T07:41:27","modified_gmt":"2025-06-20T06:41:27","slug":"informativa-sulla-privacy","status":"publish","type":"page","link":"https:\/\/www.tassenbacherhof.at\/it\/informativa-sulla-privacy\/","title":{"rendered":"Informativa sulla privacy"},"content":{"rendered":"\t\t<div data-elementor-type=\"wp-page\" data-elementor-id=\"11580\" class=\"elementor elementor-11580 elementor-10853\" data-elementor-post-type=\"page\">\n\t\t\t\t\t\t<section class=\"elementor-section elementor-top-section elementor-element elementor-element-c8364ac elementor-section-boxed elementor-section-height-default elementor-section-height-default\" data-id=\"c8364ac\" data-element_type=\"section\" data-e-type=\"section\">\n\t\t\t\t\t\t<div class=\"elementor-container elementor-column-gap-default\">\n\t\t\t\t\t<div class=\"elementor-column elementor-col-100 elementor-top-column elementor-element elementor-element-e75b79d\" data-id=\"e75b79d\" data-element_type=\"column\" data-e-type=\"column\">\n\t\t\t<div class=\"elementor-widget-wrap elementor-element-populated\">\n\t\t\t\t\t\t<div class=\"elementor-element elementor-element-2bfb163 elementor-widget elementor-widget-thim-heading\" data-id=\"2bfb163\" data-element_type=\"widget\" data-e-type=\"widget\" data-widget_type=\"thim-heading.default\">\n\t\t\t\t<div class=\"elementor-widget-container\">\n\t\t\t\t\t<div class=\"thim-widget-heading template-default\"><div class=\"thim-sc-heading\" >\n\t\t<div class=\"article_heading \">\n\t\t\t<h2  class=\"heading_secondary\">Datenschutzerkl\u00e4rung<\/h2>\n\t\t\t\n\t\t\t\n\t\t\t\n\t\t<\/div>\n\t<\/div><\/div>\t\t\t\t<\/div>\n\t\t\t\t<\/div>\n\t\t\t\t\t<\/div>\n\t\t<\/div>\n\t\t\t\t\t<\/div>\n\t\t<\/section>\n\t\t\t\t<section class=\"elementor-section elementor-top-section elementor-element elementor-element-bae0da2 elementor-section-boxed elementor-section-height-default elementor-section-height-default\" data-id=\"bae0da2\" data-element_type=\"section\" data-e-type=\"section\">\n\t\t\t\t\t\t<div class=\"elementor-container elementor-column-gap-default\">\n\t\t\t\t\t<div class=\"elementor-column elementor-col-100 elementor-top-column elementor-element elementor-element-3ea2280\" data-id=\"3ea2280\" data-element_type=\"column\" data-e-type=\"column\">\n\t\t\t<div class=\"elementor-widget-wrap elementor-element-populated\">\n\t\t\t\t\t\t<div class=\"elementor-element elementor-element-0d00bdc elementor-widget elementor-widget-text-editor\" data-id=\"0d00bdc\" data-element_type=\"widget\" data-e-type=\"widget\" data-widget_type=\"text-editor.default\">\n\t\t\t\t<div class=\"elementor-widget-container\">\n\t\t\t\t\t\t\t\t\t<p>La presente informativa sulla privacy chiarisce la natura, l&#8217;ambito e lo scopo della raccolta e dell&#8217;utilizzo dei dati dei visitatori e degli utenti (di seguito denominati collettivamente &#8220;utenti&#8221;) da parte di Margit Aigner, Tassenbach 11, 9918 Strassen, Austria, Tel. +43 (0) 664 736 736 16, info@tassenbacherhof.at (di seguito &#8220;Provider&#8221;) in qualit\u00e0 di organizzazione responsabile della protezione dei dati. Se hai domande sulla protezione dei dati, puoi contattarmi nei giorni feriali dalle 9:00 alle 17:00 al numero +43 (0) 664 736 736 16 o via e-mail all&#8217;indirizzo info@tassenbacherhof.at.<\/p><div id=\"sppb-addon-wrapper-1577627542698\" class=\"sppb-addon-wrapper\"><div id=\"sppb-addon-1577627542698\" class=\"clearfix \"><div class=\"sppb-addon sppb-addon-text-block sppb-text-left \"><div class=\"sppb-addon-content\"><p>La protezione dei tuoi dati personali ci sta particolarmente a cuore. Pertanto, trattiamo i tuoi dati esclusivamente sulla base delle disposizioni di legge (GDPR, TKG 2003). In questa informativa sulla protezione dei dati, ti informiamo sugli aspetti pi\u00f9 importanti del trattamento dei dati nel contesto del nostro sito web.<\/p><p><strong>Responsabile della protezione dei dati<\/strong>: non \u00e8 necessario un responsabile della protezione dei dati<\/p><p>La protezione dei tuoi dati personali ci sta particolarmente a cuore. Pertanto, trattiamo i tuoi dati esclusivamente sulla base delle disposizioni di legge (GDPR, TKG 2003). In questa informativa sulla protezione dei dati, ti informiamo sugli aspetti pi\u00f9 importanti del trattamento dei dati nel contesto del nostro sito web.<\/p><p><strong> <\/strong><\/p><p><strong>Contattaci<\/strong><\/p><p><strong>Modulo di contatto:<\/strong> Trattamento dei dati per l&#8217;elaborazione delle richieste di informazioni (Art. 6 comma 1 lit. b GDPR).<\/p><p>Se ci contatti utilizzando il modulo sul sito web o via e-mail, i dati che ci fornisci saranno conservati da noi per sei mesi allo scopo di elaborare la richiesta e in caso di domande successive. Non trasmettiamo questi dati senza il tuo consenso.<\/p><p><strong> <\/strong><\/p><p><strong>I tuoi diritti<\/strong><\/p><p>In linea di principio, hai diritto all&#8217;informazione, alla rettifica, alla cancellazione, alla limitazione, alla portabilit\u00e0 dei dati, alla cancellazione e all&#8217;opposizione.<\/p><p>Per esercitare questi diritti, puoi contattarci in qualsiasi momento. Ti chiediamo di effettuare la richiesta per iscritto per confermare la tua identit\u00e0. La richiesta pu\u00f2 essere inoltrata tramite lettera raccomandata ai recapiti indicati di seguito.  <\/p><p>Se ritieni che il trattamento dei tuoi dati personali violi le leggi sulla protezione dei dati o che i tuoi diritti di protezione dei dati siano stati violati in qualsiasi altro modo, puoi presentare un reclamo all \u201cautorit\u00e0 di protezione dei dati. In Austria si tratta dell\u201d Autorit\u00e0 austriaca per la protezione dei dati: <\/p><p>Barichgasse 40-42, 1030 Vienna<br>Tel.: +43 1 52 152-0<br>E-mail: <a href=\"mailto:dsb@dsb.gv.at\">dsb@dsb.gv.at<\/a><br>Web: <a href=\"https:\/\/www.dsb.gv.at\">https:\/\/www.dsb.gv.at<\/a><\/p><p><strong> <\/strong><\/p><p><strong>Gestione dei cookie<\/strong><\/p><p>Utilizziamo lo strumento di consenso &#8220;Real Cookie Banner&#8221; per gestire i cookie e le tecnologie simili utilizzate (pixel di tracciamento, web beacon, ecc.) e i relativi consensi. I dettagli sul funzionamento di &#8220;Real Cookie Banner&#8221; sono disponibili all&#8217;indirizzo &lt;a href=&#8221;https:\/\/devowl.io\/de\/rcb\/datenverarbeitung\/&#8221; rel=&#8221;noreferrer&#8221; target=&#8221;_blank&#8221;&gt;https:\/\/devowl.io\/de\/rcb\/datenverarbeitung\/&lt;\/a&gt;. <\/p><p>La base giuridica per il trattamento dei dati personali in questo contesto \u00e8 l&#8217;art. 6, comma 1, del Codice Civile. 1 lit. c GDPR e art. 6 par. 1 lit. f GDPR. Il nostro legittimo interesse \u00e8 la gestione dei cookie e delle tecnologie simili utilizzate e i relativi consensi.<\/p><p>Il conferimento dei dati personali non \u00e8 n\u00e9 contrattualmente richiesto n\u00e9 necessario per la conclusione di un contratto. Non sei obbligato a fornire i dati personali. Se non fornisci i dati personali, non saremo in grado di gestire i tuoi consensi.<\/p><p> <\/p><p><strong>Google Maps<\/strong><\/p><p>Il nostro sito web utilizza Google Maps per visualizzare mappe interattive e fornire indicazioni stradali. Google Maps \u00e8 un servizio fornito da Google LLC (1600 Amphitheatre Parkway, Mountain View, CA 94043, USA). Utilizzando Google Maps, le informazioni sull \u201cutilizzo del sito web da parte dell\u201d utente, compreso l \u201cindirizzo IP e i dati dell\u201d indirizzo inserito (se si inserisce un indirizzo nel campo di Google Maps), vengono trasmesse a Google negli Stati Uniti e memorizzate.  <\/p><p>L&#8217;utilizzo di Google Maps \u00e8 finalizzato a una presentazione accattivante delle nostre offerte online e a facilitare la ricerca dei luoghi da noi indicati sul sito web. Ci\u00f2 costituisce un interesse legittimo in conformit\u00e0 con   <strong>Art. 6 par. 1 lit. f GDPR<\/strong>  rappresentare.<\/p><p>Google pu\u00f2 trasferire queste informazioni a terzi qualora ci\u00f2 sia richiesto dalla legge o qualora tali terzi trattino le informazioni per conto di Google. Una descrizione dettagliata del trattamento dei dati da parte di Google \u00e8 disponibile nell&#8217;<strong>informativa sulla privacy di Google:<\/strong> https:\/\/policies.google.com\/privacy?hl=de. <\/p><p>Se desideri impedire il trasferimento dei dati a Google, puoi impedire l&#8217;utilizzo di Google Maps disattivando la funzione JavaScript nel tuo browser. Tuttavia, desideriamo sottolineare che in questo caso la visualizzazione della mappa non pu\u00f2 essere visualizzata o pu\u00f2 essere visualizzata solo in modo limitato. <\/p><p> <\/p><p><strong>Processo decisionale automatizzato e profilazione<\/strong><\/p><p>Su questo sito web non viene utilizzato alcun processo decisionale automatizzato, compresa la profilazione.<\/p><p><strong>Puoi raggiungerci ai seguenti recapiti<\/strong>:<\/p><div class=\"elementor-element elementor-element-1b153cb8 elementor-widget elementor-widget-heading\" data-id=\"1b153cb8\" data-element_type=\"widget\" data-widget_type=\"heading.default\"><div class=\"elementor-widget-container\"><p class=\"elementor-heading-title elementor-size-default\">Tassenbacherhof<br>Tassenbach 11, 9918 Strassen<\/p><\/div><\/div><div class=\"elementor-element elementor-element-a04dd92 elementor-icon-list--layout-traditional elementor-list-item-link-full_width elementor-widget elementor-widget-icon-list\" data-id=\"a04dd92\" data-element_type=\"widget\" data-widget_type=\"icon-list.default\"><div class=\"elementor-widget-container\"><p><a href=\"tel:+43%20664%20736%20736%2016\"><i class=\"fas fa-phone-alt\" aria-hidden=\"true\"><\/i><span class=\"elementor-icon-list-text\">+43 664 736 736 16<\/span><\/a><br><a href=\"mailto:info@tassenbacherhof.at\"><i class=\"far fa-envelope\" aria-hidden=\"true\"><\/i><span class=\"elementor-icon-list-text\">info@tassenbacherhof.at<\/span><\/a><\/p><\/div><\/div><\/div><\/div><\/div><\/div>\t\t\t\t\t\t\t\t<\/div>\n\t\t\t\t<\/div>\n\t\t\t\t\t<\/div>\n\t\t<\/div>\n\t\t\t\t\t<\/div>\n\t\t<\/section>\n\t\t\t\t<\/div>\n\t\t","protected":false},"excerpt":{"rendered":"<p>Datenschutzerkl\u00e4rung La presente informativa sulla privacy chiarisce la natura, l&#8217;ambito e lo scopo della raccolta e dell&#8217;utilizzo dei dati dei visitatori e degli utenti (di seguito denominati collettivamente &#8220;utenti&#8221;) da parte di Margit Aigner, Tassenbach 11, 9918 Strassen, Austria, Tel. +43 (0) 664 736 736 16, info@tassenbacherhof.at (di seguito &#8220;Provider&#8221;)&#8230;<\/p>\n","protected":false},"author":2,"featured_media":0,"parent":0,"menu_order":0,"comment_status":"closed","ping_status":"closed","template":"","meta":{"footnotes":""},"class_list":["post-11580","page","type-page","status-publish","hentry"],"aioseo_notices":[],"_links":{"self":[{"href":"https:\/\/www.tassenbacherhof.at\/it\/wp-json\/wp\/v2\/pages\/11580","targetHints":{"allow":["GET"]}}],"collection":[{"href":"https:\/\/www.tassenbacherhof.at\/it\/wp-json\/wp\/v2\/pages"}],"about":[{"href":"https:\/\/www.tassenbacherhof.at\/it\/wp-json\/wp\/v2\/types\/page"}],"author":[{"embeddable":true,"href":"https:\/\/www.tassenbacherhof.at\/it\/wp-json\/wp\/v2\/users\/2"}],"replies":[{"embeddable":true,"href":"https:\/\/www.tassenbacherhof.at\/it\/wp-json\/wp\/v2\/comments?post=11580"}],"version-history":[{"count":2,"href":"https:\/\/www.tassenbacherhof.at\/it\/wp-json\/wp\/v2\/pages\/11580\/revisions"}],"predecessor-version":[{"id":12531,"href":"https:\/\/www.tassenbacherhof.at\/it\/wp-json\/wp\/v2\/pages\/11580\/revisions\/12531"}],"wp:attachment":[{"href":"https:\/\/www.tassenbacherhof.at\/it\/wp-json\/wp\/v2\/media?parent=11580"}],"curies":[{"name":"wp","href":"https:\/\/api.w.org\/{rel}","templated":true}]}}